{"id":107,"date":"2020-07-12T16:44:01","date_gmt":"2020-07-12T16:44:01","guid":{"rendered":"https:\/\/uplimphigienizacao.com.br\/site\/?page_id=107"},"modified":"2020-07-13T16:40:13","modified_gmt":"2020-07-13T16:40:13","slug":"limpeza-de-colchao-na-zona-leste-de-sp","status":"publish","type":"page","link":"https:\/\/uplimphigienizacao.com.br\/site\/limpeza-de-colchao-na-zona-leste-de-sp\/","title":{"rendered":"Limpeza de colch\u00e3o na zona leste de SP."},"content":{"rendered":"<h1>Limpeza de colch\u00e3o na zona leste de SP. Solicite um or\u00e7amento!<\/h1>\n<p>Limpeza de colch\u00e3o na zona leste? A UpLimp Higieniza\u00e7\u00e3o oferece servi\u00e7os especializados que vai higienizar seu colch\u00e3o de maneira que pare\u00e7a novo. Voc\u00ea vai se surpreender.<\/p>\n<p>Um colch\u00e3o limpo \u00e9 fundamental para seu conforto e o mais importante. A sua sa\u00fade!<\/p>\n<p>A higieniza\u00e7\u00e3o e <strong>limpeza do colch\u00e3o<\/strong> \u00e9 realizada de forma profissional, r\u00e1pida e com um pre\u00e7o justo.<\/p>\n<h2>Empresa especializada em higieniza\u00e7\u00e3o de colch\u00e3o, sof\u00e1, cadeiras e estofados em geral na zona leste de SP.<\/h2>\n<p>A UpLimp Higieniza\u00e7\u00e3o \u00e9 uma empresa s\u00e9ria que oferece servi\u00e7os de higieniza\u00e7\u00e3o de colch\u00e3o, sof\u00e1s, cadeiras e estofados em geral na zona leste de S\u00e3o Paulo. Atendimento nos bairros de Itaquera, S\u00e3o Mateus, S\u00e3o Miguel, Artur Alvim, Penha, Aricanduva, Vila Carr\u00e3o, Vila Matilde, Vila Formosa, Vila Prudente, Mo\u00f3ca, Bel\u00e9m e em toda a regi\u00e3o do Grande ABC e ainda em Guarulhos.<\/p>\n<p><a href=\"https:\/\/uplimphigienizacao.com.br\/site\/servicos-higienizacao-sao-paulo-sp\/\" target=\"_blank\" rel=\"noopener noreferrer\">Conhe\u00e7a todas as etapas do servi\u00e7o de Higieniza\u00e7\u00e3o e Limpeza de Colch\u00e3o realizada pela UpLimp.<\/a><\/p>\n<h3>Quer limpar seu colch\u00e3o e economizar um bom dinheiro evitando comprar um novo?<\/h3>\n<p>Solicite agora um contato comercial como a UpLimp Higieniza\u00e7\u00e3o e receba um atendimento r\u00e1pido, transparente e um or\u00e7amento justo sem enrola\u00e7\u00e3o.<\/p>\n<p>&nbsp;<br \/>\n<a href=\"https:\/\/uplimphigienizacao.com.br\/site\/wp-content\/uploads\/2020\/07\/WhatsApp-Image-2020-07-02-at-17.46.33-2.jpeg\"><img loading=\"lazy\" class=\"wp-image-133 size-large aligncenter\" src=\"https:\/\/uplimphigienizacao.com.br\/site\/wp-content\/uploads\/2020\/07\/WhatsApp-Image-2020-07-02-at-17.46.33-2-1024x732.jpeg\" alt=\"\" width=\"1024\" height=\"732\" srcset=\"https:\/\/uplimphigienizacao.com.br\/site\/wp-content\/uploads\/2020\/07\/WhatsApp-Image-2020-07-02-at-17.46.33-2-1024x732.jpeg 1024w, https:\/\/uplimphigienizacao.com.br\/site\/wp-content\/uploads\/2020\/07\/WhatsApp-Image-2020-07-02-at-17.46.33-2-300x214.jpeg 300w, https:\/\/uplimphigienizacao.com.br\/site\/wp-content\/uploads\/2020\/07\/WhatsApp-Image-2020-07-02-at-17.46.33-2-768x549.jpeg 768w, https:\/\/uplimphigienizacao.com.br\/site\/wp-content\/uploads\/2020\/07\/WhatsApp-Image-2020-07-02-at-17.46.33-2.jpeg 1280w\" sizes=\"(max-width: 1024px) 100vw, 1024px\" \/><\/a><\/p>\n<p><a href=\"https:\/\/uplimphigienizacao.com.br\/site\/wp-content\/uploads\/2020\/07\/uplimp-higienizaca.jpg\"><img loading=\"lazy\" class=\"wp-image-134 size-large aligncenter\" src=\"https:\/\/uplimphigienizacao.com.br\/site\/wp-content\/uploads\/2020\/07\/uplimp-higienizaca-807x1024.jpg\" alt=\"\" width=\"807\" height=\"1024\" srcset=\"https:\/\/uplimphigienizacao.com.br\/site\/wp-content\/uploads\/2020\/07\/uplimp-higienizaca-807x1024.jpg 807w, https:\/\/uplimphigienizacao.com.br\/site\/wp-content\/uploads\/2020\/07\/uplimp-higienizaca-236x300.jpg 236w, https:\/\/uplimphigienizacao.com.br\/site\/wp-content\/uploads\/2020\/07\/uplimp-higienizaca-768x975.jpg 768w, https:\/\/uplimphigienizacao.com.br\/site\/wp-content\/uploads\/2020\/07\/uplimp-higienizaca.jpg 869w\" sizes=\"(max-width: 807px) 100vw, 807px\" \/><\/a><\/p>\n<p><a href=\"https:\/\/uplimphigienizacao.com.br\/site\/wp-content\/uploads\/2020\/07\/WhatsApp-Image-2020-07-02-at-17.44.30-1.jpeg\"><img loading=\"lazy\" class=\"wp-image-135 size-full aligncenter\" src=\"https:\/\/uplimphigienizacao.com.br\/site\/wp-content\/uploads\/2020\/07\/WhatsApp-Image-2020-07-02-at-17.44.30-1.jpeg\" alt=\"\" width=\"751\" height=\"1280\" srcset=\"https:\/\/uplimphigienizacao.com.br\/site\/wp-content\/uploads\/2020\/07\/WhatsApp-Image-2020-07-02-at-17.44.30-1.jpeg 751w, https:\/\/uplimphigienizacao.com.br\/site\/wp-content\/uploads\/2020\/07\/WhatsApp-Image-2020-07-02-at-17.44.30-1-176x300.jpeg 176w, https:\/\/uplimphigienizacao.com.br\/site\/wp-content\/uploads\/2020\/07\/WhatsApp-Image-2020-07-02-at-17.44.30-1-601x1024.jpeg 601w\" sizes=\"(max-width: 751px) 100vw, 751px\" \/><\/a><\/p>\n<p><a href=\"https:\/\/uplimphigienizacao.com.br\/site\/wp-content\/uploads\/2020\/07\/WhatsApp-Image-2020-07-02-at-17.46.33-3.jpeg\"><img loading=\"lazy\" class=\"wp-image-136 size-large aligncenter\" src=\"https:\/\/uplimphigienizacao.com.br\/site\/wp-content\/uploads\/2020\/07\/WhatsApp-Image-2020-07-02-at-17.46.33-3-819x1024.jpeg\" alt=\"\" width=\"819\" height=\"1024\" srcset=\"https:\/\/uplimphigienizacao.com.br\/site\/wp-content\/uploads\/2020\/07\/WhatsApp-Image-2020-07-02-at-17.46.33-3-819x1024.jpeg 819w, https:\/\/uplimphigienizacao.com.br\/site\/wp-content\/uploads\/2020\/07\/WhatsApp-Image-2020-07-02-at-17.46.33-3-240x300.jpeg 240w, https:\/\/uplimphigienizacao.com.br\/site\/wp-content\/uploads\/2020\/07\/WhatsApp-Image-2020-07-02-at-17.46.33-3-768x960.jpeg 768w, https:\/\/uplimphigienizacao.com.br\/site\/wp-content\/uploads\/2020\/07\/WhatsApp-Image-2020-07-02-at-17.46.33-3.jpeg 1024w\" sizes=\"(max-width: 819px) 100vw, 819px\" \/><\/a><\/p>\n<p><a href=\"https:\/\/uplimphigienizacao.com.br\/site\/wp-content\/uploads\/2020\/07\/WhatsApp-Image-2020-07-02-at-17.46.33.jpeg\"><img loading=\"lazy\" class=\"wp-image-137 size-full aligncenter\" src=\"https:\/\/uplimphigienizacao.com.br\/site\/wp-content\/uploads\/2020\/07\/WhatsApp-Image-2020-07-02-at-17.46.33.jpeg\" alt=\"\" width=\"869\" height=\"1280\" srcset=\"https:\/\/uplimphigienizacao.com.br\/site\/wp-content\/uploads\/2020\/07\/WhatsApp-Image-2020-07-02-at-17.46.33.jpeg 869w, https:\/\/uplimphigienizacao.com.br\/site\/wp-content\/uploads\/2020\/07\/WhatsApp-Image-2020-07-02-at-17.46.33-204x300.jpeg 204w, https:\/\/uplimphigienizacao.com.br\/site\/wp-content\/uploads\/2020\/07\/WhatsApp-Image-2020-07-02-at-17.46.33-695x1024.jpeg 695w, https:\/\/uplimphigienizacao.com.br\/site\/wp-content\/uploads\/2020\/07\/WhatsApp-Image-2020-07-02-at-17.46.33-768x1131.jpeg 768w\" sizes=\"(max-width: 869px) 100vw, 869px\" \/><\/a><\/p>\n<p>&nbsp;<\/p>\n<div class=\"more\">\n<h2><a href=\"https:\/\/api.whatsapp.com\/send?phone=5511968621167&amp;text=Gostaria%20de%20mais%20informa%c3%a7%c3%b5es%20sobre%20os%20servi%c3%a7os%20da%20UpLimp%20Higieniza%c3%a7%c3%a3o%21&amp;source=&amp;data=&amp;app_absent=\" target=\"_blank\" rel=\"noopener noreferrer\"><img loading=\"lazy\" class=\"aligncenter wp-image-30 size-full\" src=\"https:\/\/uplimphigienizacao.com.br\/site\/wp-content\/uploads\/2019\/03\/topo-logo-uplimpl.png\" alt=\"\" width=\"700\" height=\"200\" srcset=\"https:\/\/uplimphigienizacao.com.br\/site\/wp-content\/uploads\/2019\/03\/topo-logo-uplimpl.png 700w, https:\/\/uplimphigienizacao.com.br\/site\/wp-content\/uploads\/2019\/03\/topo-logo-uplimpl-300x86.png 300w\" sizes=\"(max-width: 700px) 100vw, 700px\" \/><\/a><\/h2>\n<\/div>\n","protected":false},"excerpt":{"rendered":"<p class=\"qua-blog-post-description\">Limpeza de colch\u00e3o na zona leste de SP. Solicite um or\u00e7amento! Limpeza de colch\u00e3o na zona leste? A UpLimp Higieniza\u00e7\u00e3o oferece servi\u00e7os especializados que vai higienizar seu colch\u00e3o de maneira que pare\u00e7a novo. Voc\u00ea vai se surpreender. Um colch\u00e3o limpo \u00e9 fundamental para seu conforto e o mais importante. A sua sa\u00fade! A higieniza\u00e7\u00e3o e [&hellip;]<\/p>\n","protected":false},"author":1,"featured_media":0,"parent":0,"menu_order":0,"comment_status":"closed","ping_status":"closed","template":"full-width.php","meta":{"_mi_skip_tracking":false,"_monsterinsights_sitenote_active":false,"_monsterinsights_sitenote_note":"","_monsterinsights_sitenote_category":0},"_links":{"self":[{"href":"https:\/\/uplimphigienizacao.com.br\/site\/wp-json\/wp\/v2\/pages\/107"}],"collection":[{"href":"https:\/\/uplimphigienizacao.com.br\/site\/wp-json\/wp\/v2\/pages"}],"about":[{"href":"https:\/\/uplimphigienizacao.com.br\/site\/wp-json\/wp\/v2\/types\/page"}],"author":[{"embeddable":true,"href":"https:\/\/uplimphigienizacao.com.br\/site\/wp-json\/wp\/v2\/users\/1"}],"replies":[{"embeddable":true,"href":"https:\/\/uplimphigienizacao.com.br\/site\/wp-json\/wp\/v2\/comments?post=107"}],"version-history":[{"count":5,"href":"https:\/\/uplimphigienizacao.com.br\/site\/wp-json\/wp\/v2\/pages\/107\/revisions"}],"predecessor-version":[{"id":141,"href":"https:\/\/uplimphigienizacao.com.br\/site\/wp-json\/wp\/v2\/pages\/107\/revisions\/141"}],"wp:attachment":[{"href":"https:\/\/uplimphigienizacao.com.br\/site\/wp-json\/wp\/v2\/media?parent=107"}],"curies":[{"name":"wp","href":"https:\/\/api.w.org\/{rel}","templated":true}]}}