{"id":216,"date":"2020-07-31T20:39:47","date_gmt":"2020-07-31T20:39:47","guid":{"rendered":"https:\/\/uplimphigienizacao.com.br\/site\/?page_id=216"},"modified":"2020-07-31T20:41:17","modified_gmt":"2020-07-31T20:41:17","slug":"higienizacao-de-sofa-na-zona-leste","status":"publish","type":"page","link":"https:\/\/uplimphigienizacao.com.br\/site\/higienizacao-de-sofa-na-zona-leste\/","title":{"rendered":"Higieniza\u00e7\u00e3o de Sof\u00e1 na zona leste"},"content":{"rendered":"<h1>Higieniza\u00e7\u00e3o de Sof\u00e1 na zona leste?<\/h1>\n<p>Higieniza\u00e7\u00e3o de Sof\u00e1 na zona leste, lavagem de colch\u00e3o, limpeza de estofados em geral, chame a UpLimp Higieniza\u00e7\u00e3o. Uma empresa s\u00e9ria, \u00e1gil, eficiente e com pre\u00e7o justo.<\/p>\n<p>Tenha seu sof\u00e1 limpinho, bonito e higienizado para voc\u00ea curtir seu descanso de forma confort\u00e1vel e al\u00e9m disso, faz bem pra sua sa\u00fade.<\/p>\n<p>A UpLimp Higieniza\u00e7\u00e3o de sof\u00e1, colch\u00e3o e estofados em geral, atende sua necessidade em todos os bairros das zona leste, sul, norte e oeste.<\/p>\n<p>&nbsp;<\/p>\n<p>&nbsp;<\/p>\n","protected":false},"excerpt":{"rendered":"<p class=\"qua-blog-post-description\">Higieniza\u00e7\u00e3o de Sof\u00e1 na zona leste? Higieniza\u00e7\u00e3o de Sof\u00e1 na zona leste, lavagem de colch\u00e3o, limpeza de estofados em geral, chame a UpLimp Higieniza\u00e7\u00e3o. Uma empresa s\u00e9ria, \u00e1gil, eficiente e com pre\u00e7o justo. Tenha seu sof\u00e1 limpinho, bonito e higienizado para voc\u00ea curtir seu descanso de forma confort\u00e1vel e al\u00e9m disso, faz bem pra sua [&hellip;]<\/p>\n","protected":false},"author":1,"featured_media":0,"parent":0,"menu_order":0,"comment_status":"closed","ping_status":"closed","template":"","meta":{"_mi_skip_tracking":false,"_monsterinsights_sitenote_active":false,"_monsterinsights_sitenote_note":"","_monsterinsights_sitenote_category":0},"_links":{"self":[{"href":"https:\/\/uplimphigienizacao.com.br\/site\/wp-json\/wp\/v2\/pages\/216"}],"collection":[{"href":"https:\/\/uplimphigienizacao.com.br\/site\/wp-json\/wp\/v2\/pages"}],"about":[{"href":"https:\/\/uplimphigienizacao.com.br\/site\/wp-json\/wp\/v2\/types\/page"}],"author":[{"embeddable":true,"href":"https:\/\/uplimphigienizacao.com.br\/site\/wp-json\/wp\/v2\/users\/1"}],"replies":[{"embeddable":true,"href":"https:\/\/uplimphigienizacao.com.br\/site\/wp-json\/wp\/v2\/comments?post=216"}],"version-history":[{"count":3,"href":"https:\/\/uplimphigienizacao.com.br\/site\/wp-json\/wp\/v2\/pages\/216\/revisions"}],"predecessor-version":[{"id":218,"href":"https:\/\/uplimphigienizacao.com.br\/site\/wp-json\/wp\/v2\/pages\/216\/revisions\/218"}],"wp:attachment":[{"href":"https:\/\/uplimphigienizacao.com.br\/site\/wp-json\/wp\/v2\/media?parent=216"}],"curies":[{"name":"wp","href":"https:\/\/api.w.org\/{rel}","templated":true}]}}