{"id":220,"date":"2020-08-01T19:51:15","date_gmt":"2020-08-01T19:51:15","guid":{"rendered":"https:\/\/uplimphigienizacao.com.br\/site\/?page_id=220"},"modified":"2020-08-01T19:58:33","modified_gmt":"2020-08-01T19:58:33","slug":"lavagem-de-sofa-grande-e-pequeno-na-zona-leste","status":"publish","type":"page","link":"https:\/\/uplimphigienizacao.com.br\/site\/lavagem-de-sofa-grande-e-pequeno-na-zona-leste\/","title":{"rendered":"Lavagem de sof\u00e1 grande e pequeno na Zona leste"},"content":{"rendered":"<h1>Lavagem de sof\u00e1 grande e pequeno na Zona leste<\/h1>\n<p>Lavagem de sof\u00e1 grande e pequeno na Zona leste \u00e9 com a UpLimp Higieniza\u00e7\u00e3o, uma empresa s\u00e9ria, profissionais capacitados, materiais espec\u00edficos e pre\u00e7o justo.<\/p>\n<p>Oferecemos servi\u00e7os de higieniza\u00e7\u00e3o, limpeza e lavagem de sof\u00e1 na zona leste e em toda a cidade de S\u00e3o Paulo.<\/p>\n<p>Lavamos e higienizamos sof\u00e1s grandes e pequenos, residenciais e comerciais.<\/p>\n<p>Lavar sof\u00e1 na zona leste?<\/p>\n<p>Lavamos o seu sof\u00e1 de forma profissional e \u00e1gil, garantindo total higieniza\u00e7\u00e3o sem danificar seu estofado com pre\u00e7o justo. Conhe\u00e7a a UpLimp Higieniza\u00e7\u00e3o e solicite um or\u00e7amento agora mesmo. Agilidade, qualidade e \u00f3timos pre\u00e7os.<\/p>\n<p>&nbsp;<\/p>\n<p><strong>Como \u00e9 feita a lavagem do seu sof\u00e1<\/strong><\/p>\n<ul>\n<li>Uso e manuseio profissional de equipamentos potentes para a suc\u00e7\u00e3o de sujeiras , poeiras e outros res\u00edduos acumulados;<\/li>\n<li>Produtos especiais que agilizam a remo\u00e7\u00e3o de manchas sem ocasionar qualquer dano ao estofamento ou tecido;<\/li>\n<li>Extra\u00e7\u00e3o e Pulveriza\u00e7\u00e3o quase a seco que leva poucas horas de servi\u00e7o. Garantindo agilidade com qualidade na conclus\u00e3o do processo.<\/li>\n<\/ul>\n<p>Para maiores informa\u00e7\u00f5es, fale com a gente diretamente no WhatsApp e receba um atendimento pr\u00e9vio para tirar todas as sua d\u00favidas.<\/p>\n<p>Atendemos toda a cidade de S\u00e3o Paulo, Guarulhos e ABC. Veja as regi\u00f5es em que atuamos:<\/p>\n<p>Limpeza de Sof\u00e1s na zona leste:\u00a0 Itaquera, Guaianazes, Artur Alvim, S\u00e3o Mateus, Vila Matilde, Penha, Vila Carr\u00e3o, Tatuap\u00e9, Vila Formosa, Vila Prudente, Vila Alpina, Mo\u00f3ca, Sapopemba, Cidade Lider, Cohab 1 e Cohab 2 e toda a regi\u00e3o.<\/p>\n<div id=\"attachment_154\" style=\"width: 610px\" class=\"wp-caption alignnone\"><a href=\"https:\/\/uplimphigienizacao.com.br\/site\/wp-content\/uploads\/2020\/07\/sofa.png\"><img aria-describedby=\"caption-attachment-154\" loading=\"lazy\" class=\"wp-image-154\" src=\"https:\/\/uplimphigienizacao.com.br\/site\/wp-content\/uploads\/2020\/07\/sofa.png\" alt=\"Lavagem de sof\u00e1 grandes e pequenos na zona leste SP\" width=\"600\" height=\"457\" srcset=\"https:\/\/uplimphigienizacao.com.br\/site\/wp-content\/uploads\/2020\/07\/sofa.png 972w, https:\/\/uplimphigienizacao.com.br\/site\/wp-content\/uploads\/2020\/07\/sofa-300x228.png 300w, https:\/\/uplimphigienizacao.com.br\/site\/wp-content\/uploads\/2020\/07\/sofa-768x585.png 768w\" sizes=\"(max-width: 600px) 100vw, 600px\" \/><\/a><p id=\"caption-attachment-154\" class=\"wp-caption-text\">Lavamos e higienizamos sof\u00e1s de todos os tamanhos na zona leste de SP.<\/p><\/div>\n<p>Saiba mais sobre a <a href=\"https:\/\/uplimphigienizacao.com.br\/site\/empresa-higienizacao-limpeza-de-sofas-e-colchao\/\">UpLimp Higieniza\u00e7\u00e3o<\/a><\/p>\n","protected":false},"excerpt":{"rendered":"<p class=\"qua-blog-post-description\">Lavagem de sof\u00e1 grande e pequeno na Zona leste Lavagem de sof\u00e1 grande e pequeno na Zona leste \u00e9 com a UpLimp Higieniza\u00e7\u00e3o, uma empresa s\u00e9ria, profissionais capacitados, materiais espec\u00edficos e pre\u00e7o justo. Oferecemos servi\u00e7os de higieniza\u00e7\u00e3o, limpeza e lavagem de sof\u00e1 na zona leste e em toda a cidade de S\u00e3o Paulo. Lavamos e [&hellip;]<\/p>\n","protected":false},"author":1,"featured_media":0,"parent":0,"menu_order":0,"comment_status":"closed","ping_status":"closed","template":"","meta":{"_mi_skip_tracking":false,"_monsterinsights_sitenote_active":false,"_monsterinsights_sitenote_note":"","_monsterinsights_sitenote_category":0},"_links":{"self":[{"href":"https:\/\/uplimphigienizacao.com.br\/site\/wp-json\/wp\/v2\/pages\/220"}],"collection":[{"href":"https:\/\/uplimphigienizacao.com.br\/site\/wp-json\/wp\/v2\/pages"}],"about":[{"href":"https:\/\/uplimphigienizacao.com.br\/site\/wp-json\/wp\/v2\/types\/page"}],"author":[{"embeddable":true,"href":"https:\/\/uplimphigienizacao.com.br\/site\/wp-json\/wp\/v2\/users\/1"}],"replies":[{"embeddable":true,"href":"https:\/\/uplimphigienizacao.com.br\/site\/wp-json\/wp\/v2\/comments?post=220"}],"version-history":[{"count":4,"href":"https:\/\/uplimphigienizacao.com.br\/site\/wp-json\/wp\/v2\/pages\/220\/revisions"}],"predecessor-version":[{"id":224,"href":"https:\/\/uplimphigienizacao.com.br\/site\/wp-json\/wp\/v2\/pages\/220\/revisions\/224"}],"wp:attachment":[{"href":"https:\/\/uplimphigienizacao.com.br\/site\/wp-json\/wp\/v2\/media?parent=220"}],"curies":[{"name":"wp","href":"https:\/\/api.w.org\/{rel}","templated":true}]}}