{"id":32,"date":"2019-03-04T19:59:27","date_gmt":"2019-03-04T19:59:27","guid":{"rendered":"https:\/\/uplimphigienizacao.com.br\/site\/?page_id=32"},"modified":"2019-03-30T21:49:45","modified_gmt":"2019-03-30T21:49:45","slug":"higienizacao-limpeza-sofa-zona-leste-sp","status":"publish","type":"page","link":"https:\/\/uplimphigienizacao.com.br\/site\/higienizacao-limpeza-sofa-zona-leste-sp\/","title":{"rendered":"UPLimp Higieniza\u00e7\u00e3o &#8211; Limpeza de Sof\u00e1"},"content":{"rendered":"<h1>Limpeza de Sof\u00e1 em domic\u00edlio na zona leste de SP.<\/h1>\n<p>Limpeza de Sof\u00e1 e Higieniza\u00e7\u00e3o de carpetes, tapetes, estofados, carros, colch\u00f5es. Atendimento especializado com profissionais experientes que atua no segmento de higieniza\u00e7\u00e3o na zona leste de S\u00e3o Paulo.<\/p>\n<p>A UpLimp \u00e9 uma empresa s\u00e9ria que atua com profissionalismo, funcion\u00e1rios uniformizados, carros caracterizados da empresa. Tudo para a sua seguran\u00e7a.<\/p>\n<h2>Servi\u00e7os de Higieniza\u00e7\u00e3o na zona leste<\/h2>\n<ul>\n<li>Lavagem de sof\u00e1s;<\/li>\n<li>Limpeza de carpetes;<\/li>\n<li>Limpeza de colch\u00f5es;<\/li>\n<li>Limpeza interna de carros \/ ve\u00edculos;<\/li>\n<\/ul>\n<p>&nbsp;<\/p>\n<p>A UpLimp atua em S\u00e3o Paulo, na zona leste, prestando atendimento nos bairros: Itaquera, S\u00e3o Mateus, Penha, Vila Matilde, Tatuap\u00e9, Mooca, Vila Carr\u00e3o, Bel\u00e9m.<\/p>\n","protected":false},"excerpt":{"rendered":"<p class=\"qua-blog-post-description\">Limpeza de Sof\u00e1 em domic\u00edlio na zona leste de SP. Limpeza de Sof\u00e1 e Higieniza\u00e7\u00e3o de carpetes, tapetes, estofados, carros, colch\u00f5es. Atendimento especializado com profissionais experientes que atua no segmento de higieniza\u00e7\u00e3o na zona leste de S\u00e3o Paulo. A UpLimp \u00e9 uma empresa s\u00e9ria que atua com profissionalismo, funcion\u00e1rios uniformizados, carros caracterizados da empresa. Tudo [&hellip;]<\/p>\n","protected":false},"author":1,"featured_media":0,"parent":0,"menu_order":0,"comment_status":"closed","ping_status":"closed","template":"full-width.php","meta":{"_mi_skip_tracking":false,"_monsterinsights_sitenote_active":false,"_monsterinsights_sitenote_note":"","_monsterinsights_sitenote_category":0},"_links":{"self":[{"href":"https:\/\/uplimphigienizacao.com.br\/site\/wp-json\/wp\/v2\/pages\/32"}],"collection":[{"href":"https:\/\/uplimphigienizacao.com.br\/site\/wp-json\/wp\/v2\/pages"}],"about":[{"href":"https:\/\/uplimphigienizacao.com.br\/site\/wp-json\/wp\/v2\/types\/page"}],"author":[{"embeddable":true,"href":"https:\/\/uplimphigienizacao.com.br\/site\/wp-json\/wp\/v2\/users\/1"}],"replies":[{"embeddable":true,"href":"https:\/\/uplimphigienizacao.com.br\/site\/wp-json\/wp\/v2\/comments?post=32"}],"version-history":[{"count":7,"href":"https:\/\/uplimphigienizacao.com.br\/site\/wp-json\/wp\/v2\/pages\/32\/revisions"}],"predecessor-version":[{"id":78,"href":"https:\/\/uplimphigienizacao.com.br\/site\/wp-json\/wp\/v2\/pages\/32\/revisions\/78"}],"wp:attachment":[{"href":"https:\/\/uplimphigienizacao.com.br\/site\/wp-json\/wp\/v2\/media?parent=32"}],"curies":[{"name":"wp","href":"https:\/\/api.w.org\/{rel}","templated":true}]}}