{"id":48,"date":"2019-03-04T20:58:20","date_gmt":"2019-03-04T20:58:20","guid":{"rendered":"https:\/\/uplimphigienizacao.com.br\/site\/?page_id=48"},"modified":"2019-03-04T21:22:09","modified_gmt":"2019-03-04T21:22:09","slug":"servicos-higienizacao-sao-paulo-sp","status":"publish","type":"page","link":"https:\/\/uplimphigienizacao.com.br\/site\/servicos-higienizacao-sao-paulo-sp\/","title":{"rendered":"Servi\u00e7os de Higieniza\u00e7\u00e3o"},"content":{"rendered":"\n<figure class=\"wp-block-image\"><img loading=\"lazy\" width=\"1024\" height=\"395\" src=\"https:\/\/uplimphigienizacao.com.br\/site\/wp-content\/uploads\/2019\/03\/limpeza-de-sofa-uplimp-1024x395.png\" alt=\"\" class=\"wp-image-65\" srcset=\"https:\/\/uplimphigienizacao.com.br\/site\/wp-content\/uploads\/2019\/03\/limpeza-de-sofa-uplimp-1024x395.png 1024w, https:\/\/uplimphigienizacao.com.br\/site\/wp-content\/uploads\/2019\/03\/limpeza-de-sofa-uplimp-300x116.png 300w, https:\/\/uplimphigienizacao.com.br\/site\/wp-content\/uploads\/2019\/03\/limpeza-de-sofa-uplimp-768x296.png 768w, https:\/\/uplimphigienizacao.com.br\/site\/wp-content\/uploads\/2019\/03\/limpeza-de-sofa-uplimp.png 1866w\" sizes=\"(max-width: 1024px) 100vw, 1024px\" \/><\/figure>\n\n\n\n\n\n<p>Conte com as nossas solu\u00e7\u00f5es e nossos servi\u00e7os de higieniza\u00e7\u00e3o;<\/p>\n\n\n\n<p>Limpeza e lavagem de sof\u00e1s;<\/p>\n\n\n\n<p>Limpeza de estofados automotivos;<\/p>\n\n\n\n<p>Limpeza de bancos e cadeiras;<\/p>\n","protected":false},"excerpt":{"rendered":"<p class=\"qua-blog-post-description\">Conte com as nossas solu\u00e7\u00f5es e nossos servi\u00e7os de higieniza\u00e7\u00e3o; Limpeza e lavagem de sof\u00e1s; Limpeza de estofados automotivos; Limpeza de bancos e cadeiras;<\/p>\n","protected":false},"author":1,"featured_media":0,"parent":0,"menu_order":0,"comment_status":"closed","ping_status":"closed","template":"full-width.php","meta":{"_mi_skip_tracking":false,"_monsterinsights_sitenote_active":false,"_monsterinsights_sitenote_note":"","_monsterinsights_sitenote_category":0},"_links":{"self":[{"href":"https:\/\/uplimphigienizacao.com.br\/site\/wp-json\/wp\/v2\/pages\/48"}],"collection":[{"href":"https:\/\/uplimphigienizacao.com.br\/site\/wp-json\/wp\/v2\/pages"}],"about":[{"href":"https:\/\/uplimphigienizacao.com.br\/site\/wp-json\/wp\/v2\/types\/page"}],"author":[{"embeddable":true,"href":"https:\/\/uplimphigienizacao.com.br\/site\/wp-json\/wp\/v2\/users\/1"}],"replies":[{"embeddable":true,"href":"https:\/\/uplimphigienizacao.com.br\/site\/wp-json\/wp\/v2\/comments?post=48"}],"version-history":[{"count":3,"href":"https:\/\/uplimphigienizacao.com.br\/site\/wp-json\/wp\/v2\/pages\/48\/revisions"}],"predecessor-version":[{"id":66,"href":"https:\/\/uplimphigienizacao.com.br\/site\/wp-json\/wp\/v2\/pages\/48\/revisions\/66"}],"wp:attachment":[{"href":"https:\/\/uplimphigienizacao.com.br\/site\/wp-json\/wp\/v2\/media?parent=48"}],"curies":[{"name":"wp","href":"https:\/\/api.w.org\/{rel}","templated":true}]}}