{"id":82,"date":"2020-07-10T22:56:41","date_gmt":"2020-07-10T22:56:41","guid":{"rendered":"https:\/\/uplimphigienizacao.com.br\/site\/?page_id=82"},"modified":"2020-07-19T15:43:02","modified_gmt":"2020-07-19T15:43:02","slug":"empresa-higienizacao-limpeza-de-sofas-e-colchao","status":"publish","type":"page","link":"https:\/\/uplimphigienizacao.com.br\/site\/empresa-higienizacao-limpeza-de-sofas-e-colchao\/","title":{"rendered":"Quem Somos"},"content":{"rendered":"<h1>Empresa de higieniza\u00e7\u00e3o<\/h1>\n<p>A Uplimp \u00e9 uma empresa de higieniza\u00e7\u00e3o e limpeza de sof\u00e1s, colch\u00f5es, estofados residenciais, comerciais e automotivos.<\/p>\n<p>Contamos com uma equipe especializada que atende em toda a cidade de S\u00e3o Paulo, seja na zona leste, oeste, norte ou sul. Atendimento \u00e1gil e eficiente focada em higieniza\u00e7\u00e3o e limpeza de estofados.<\/p>\n<p>&nbsp;<\/p>\n<h2>Higieniza\u00e7\u00e3o de sof\u00e1s em S\u00e3o Paulo e ABC.<\/h2>\n<p>Se voc\u00ea est\u00e1 procurando uma empresa eficiente e profissional que atenda a cidade de S\u00e3o Paulo e a regi\u00e3o do ABC. A UpLimp Higieniza\u00e7\u00e3o oferece um servi\u00e7o eficiente que \u00e9 capaz de renovar o seu m\u00f3vel: sof\u00e1s, colch\u00f5es ou qualquer m\u00f3vel que possui estofamentos.<\/p>\n<p>Nossos profissionais atrav\u00e9s de um atendimento consultivo, identifica sua necessidade e leva at\u00e9 voc\u00ea uma solu\u00e7\u00e3o que al\u00e9m da total higieniza\u00e7\u00e3o, vai renovar seu estofado de maneira que pare\u00e7a novo. Sem contar com os benef\u00edcios para a sua sa\u00fade e de sua fam\u00edlia.<\/p>\n<p>&nbsp;<\/p>\n<h3>Atendimento especializado em Higieniza\u00e7\u00e3o de sof\u00e1s, colch\u00f5es e estofados<\/h3>\n<p>A UpLimp Higieniza\u00e7\u00e3o conta com equipamentos t\u00e9cnicos especiais e produtos espec\u00edficos e eficazes que ajudam a complementar o servi\u00e7o de limpeza e higieniza\u00e7\u00e3o. Garantindo total efici\u00eancia e agilidade em todas as etapas do servi\u00e7o.<\/p>\n<p>A limpeza de um sof\u00e1 por exemplo, requer o uso de equipamentos potentes e eficientes que eliminam e removem as sujeiras e as impurezas acumuladas ao longo do tempo que formam microrganismos, poeiras e qualquer tipo de res\u00edduo que muitas vezes s\u00e3o nocivas a nossa sa\u00fade.\u00a0 Uma limpeza caseira n\u00e3o \u00e9 capaz de resolver totalmente o problema que parece ser apenas est\u00e9tico.<\/p>\n<p>Uma empresa especializada em limpeza de sof\u00e1, al\u00e9m de higienizar, pode renovar completamente seu m\u00f3vel, aumentando por sua vez a vida \u00fatil e de quebra, fazendo com que voc\u00ea economize um bom dinheiro na compra de um novo.<\/p>\n<p>&nbsp;<\/p>\n<p><strong>Fases que envolvem a limpeza de sof\u00e1, colch\u00e3o ou qualquer outro estofado.<\/strong><\/p>\n<ul>\n<li>Uso e manuseio profissional de equipamentos potentes para a suc\u00e7\u00e3o de sujeiras , poeiras e outros res\u00edduos acumulados;<\/li>\n<li>Produtos especiais que agilizam a remo\u00e7\u00e3o de manchas sem ocasionar qualquer dano ao estofamento ou tecido;<\/li>\n<li>Extra\u00e7\u00e3o e Pulveriza\u00e7\u00e3o quase a seco que leva poucas horas de servi\u00e7o. Garantindo agilidade com qualidade na conclus\u00e3o do processo.<\/li>\n<\/ul>\n<p>Para maiores informa\u00e7\u00f5es, fale com a gente diretamente no WhatsApp e receba um atendimento pr\u00e9vio para tirar todas as sua d\u00favidas.<\/p>\n<p>Atendemos toda a cidade de S\u00e3o Paulo, Guarulhos e ABC. Veja as regi\u00f5es em que atuamos:<\/p>\n<p>Limpeza de Sof\u00e1s na zona leste:\u00a0 Itaquera, Guaianazes, Artur Alvim, S\u00e3o Mateus, Vila Matilde, Penha, Vila Carr\u00e3o, Tatuap\u00e9, Vila Formosa, Vila Prudente, Vila Alpina, Mo\u00f3ca, Sapopemba, Cidade Lider, Cohab 1 e Cohab 2 e toda a regi\u00e3o.<\/p>\n<p>Limpeza e Higieniza\u00e7\u00e3o de colch\u00f5es na zona Sul: Brooklin, Campo Belo, Moema, Jabaquara, Santo Amaro, Vila Ol\u00edmpia, Interlagos.<\/p>\n<p>&nbsp;<\/p>\n<p><a href=\"https:\/\/uplimphigienizacao.com.br\/site\/wp-content\/uploads\/2020\/07\/WhatsApp-Image-2020-07-02-at-17.46.33-2.jpeg\"><img loading=\"lazy\" class=\"wp-image-133 size-large aligncenter\" src=\"https:\/\/uplimphigienizacao.com.br\/site\/wp-content\/uploads\/2020\/07\/WhatsApp-Image-2020-07-02-at-17.46.33-2-1024x732.jpeg\" alt=\"\" width=\"1024\" height=\"732\" srcset=\"https:\/\/uplimphigienizacao.com.br\/site\/wp-content\/uploads\/2020\/07\/WhatsApp-Image-2020-07-02-at-17.46.33-2-1024x732.jpeg 1024w, https:\/\/uplimphigienizacao.com.br\/site\/wp-content\/uploads\/2020\/07\/WhatsApp-Image-2020-07-02-at-17.46.33-2-300x214.jpeg 300w, https:\/\/uplimphigienizacao.com.br\/site\/wp-content\/uploads\/2020\/07\/WhatsApp-Image-2020-07-02-at-17.46.33-2-768x549.jpeg 768w, https:\/\/uplimphigienizacao.com.br\/site\/wp-content\/uploads\/2020\/07\/WhatsApp-Image-2020-07-02-at-17.46.33-2.jpeg 1280w\" sizes=\"(max-width: 1024px) 100vw, 1024px\" \/><\/a><\/p>\n<p><a href=\"https:\/\/uplimphigienizacao.com.br\/site\/wp-content\/uploads\/2020\/07\/uplimp-higienizaca.jpg\"><img loading=\"lazy\" class=\"wp-image-134 size-large aligncenter\" src=\"https:\/\/uplimphigienizacao.com.br\/site\/wp-content\/uploads\/2020\/07\/uplimp-higienizaca-807x1024.jpg\" alt=\"\" width=\"807\" height=\"1024\" srcset=\"https:\/\/uplimphigienizacao.com.br\/site\/wp-content\/uploads\/2020\/07\/uplimp-higienizaca-807x1024.jpg 807w, https:\/\/uplimphigienizacao.com.br\/site\/wp-content\/uploads\/2020\/07\/uplimp-higienizaca-236x300.jpg 236w, https:\/\/uplimphigienizacao.com.br\/site\/wp-content\/uploads\/2020\/07\/uplimp-higienizaca-768x975.jpg 768w, https:\/\/uplimphigienizacao.com.br\/site\/wp-content\/uploads\/2020\/07\/uplimp-higienizaca.jpg 869w\" sizes=\"(max-width: 807px) 100vw, 807px\" \/><\/a><\/p>\n<p><a href=\"https:\/\/uplimphigienizacao.com.br\/site\/wp-content\/uploads\/2020\/07\/WhatsApp-Image-2020-07-02-at-17.44.30-1.jpeg\"><img loading=\"lazy\" class=\"wp-image-135 size-full aligncenter\" src=\"https:\/\/uplimphigienizacao.com.br\/site\/wp-content\/uploads\/2020\/07\/WhatsApp-Image-2020-07-02-at-17.44.30-1.jpeg\" alt=\"\" width=\"751\" height=\"1280\" srcset=\"https:\/\/uplimphigienizacao.com.br\/site\/wp-content\/uploads\/2020\/07\/WhatsApp-Image-2020-07-02-at-17.44.30-1.jpeg 751w, https:\/\/uplimphigienizacao.com.br\/site\/wp-content\/uploads\/2020\/07\/WhatsApp-Image-2020-07-02-at-17.44.30-1-176x300.jpeg 176w, https:\/\/uplimphigienizacao.com.br\/site\/wp-content\/uploads\/2020\/07\/WhatsApp-Image-2020-07-02-at-17.44.30-1-601x1024.jpeg 601w\" sizes=\"(max-width: 751px) 100vw, 751px\" \/><\/a><\/p>\n<p><a href=\"https:\/\/uplimphigienizacao.com.br\/site\/wp-content\/uploads\/2020\/07\/WhatsApp-Image-2020-07-02-at-17.46.33-3.jpeg\"><img loading=\"lazy\" class=\"wp-image-136 size-large aligncenter\" src=\"https:\/\/uplimphigienizacao.com.br\/site\/wp-content\/uploads\/2020\/07\/WhatsApp-Image-2020-07-02-at-17.46.33-3-819x1024.jpeg\" alt=\"\" width=\"819\" height=\"1024\" srcset=\"https:\/\/uplimphigienizacao.com.br\/site\/wp-content\/uploads\/2020\/07\/WhatsApp-Image-2020-07-02-at-17.46.33-3-819x1024.jpeg 819w, https:\/\/uplimphigienizacao.com.br\/site\/wp-content\/uploads\/2020\/07\/WhatsApp-Image-2020-07-02-at-17.46.33-3-240x300.jpeg 240w, https:\/\/uplimphigienizacao.com.br\/site\/wp-content\/uploads\/2020\/07\/WhatsApp-Image-2020-07-02-at-17.46.33-3-768x960.jpeg 768w, https:\/\/uplimphigienizacao.com.br\/site\/wp-content\/uploads\/2020\/07\/WhatsApp-Image-2020-07-02-at-17.46.33-3.jpeg 1024w\" sizes=\"(max-width: 819px) 100vw, 819px\" \/><\/a><\/p>\n<p><a href=\"https:\/\/uplimphigienizacao.com.br\/site\/wp-content\/uploads\/2020\/07\/WhatsApp-Image-2020-07-02-at-17.46.33.jpeg\"><img loading=\"lazy\" class=\"wp-image-137 size-full aligncenter\" src=\"https:\/\/uplimphigienizacao.com.br\/site\/wp-content\/uploads\/2020\/07\/WhatsApp-Image-2020-07-02-at-17.46.33.jpeg\" alt=\"\" width=\"869\" height=\"1280\" srcset=\"https:\/\/uplimphigienizacao.com.br\/site\/wp-content\/uploads\/2020\/07\/WhatsApp-Image-2020-07-02-at-17.46.33.jpeg 869w, https:\/\/uplimphigienizacao.com.br\/site\/wp-content\/uploads\/2020\/07\/WhatsApp-Image-2020-07-02-at-17.46.33-204x300.jpeg 204w, https:\/\/uplimphigienizacao.com.br\/site\/wp-content\/uploads\/2020\/07\/WhatsApp-Image-2020-07-02-at-17.46.33-695x1024.jpeg 695w, https:\/\/uplimphigienizacao.com.br\/site\/wp-content\/uploads\/2020\/07\/WhatsApp-Image-2020-07-02-at-17.46.33-768x1131.jpeg 768w\" sizes=\"(max-width: 869px) 100vw, 869px\" \/><\/a><\/p>\n<p>&nbsp;<\/p>\n<div class=\"more\">\n<h2><a href=\"https:\/\/api.whatsapp.com\/send?phone=5511968621167&amp;text=Gostaria%20de%20mais%20informa%c3%a7%c3%b5es%20sobre%20os%20servi%c3%a7os%20da%20UpLimp%20Higieniza%c3%a7%c3%a3o%21&amp;source=&amp;data=&amp;app_absent=\" target=\"_blank\" rel=\"noopener noreferrer\"><img loading=\"lazy\" class=\"aligncenter wp-image-30 size-full\" src=\"https:\/\/uplimphigienizacao.com.br\/site\/wp-content\/uploads\/2019\/03\/topo-logo-uplimpl.png\" alt=\"\" width=\"700\" height=\"200\" srcset=\"https:\/\/uplimphigienizacao.com.br\/site\/wp-content\/uploads\/2019\/03\/topo-logo-uplimpl.png 700w, https:\/\/uplimphigienizacao.com.br\/site\/wp-content\/uploads\/2019\/03\/topo-logo-uplimpl-300x86.png 300w\" sizes=\"(max-width: 700px) 100vw, 700px\" \/><\/a><\/h2>\n<\/div>\n","protected":false},"excerpt":{"rendered":"<p class=\"qua-blog-post-description\">Empresa de higieniza\u00e7\u00e3o A Uplimp \u00e9 uma empresa de higieniza\u00e7\u00e3o e limpeza de sof\u00e1s, colch\u00f5es, estofados residenciais, comerciais e automotivos. Contamos com uma equipe especializada que atende em toda a cidade de S\u00e3o Paulo, seja na zona leste, oeste, norte ou sul. Atendimento \u00e1gil e eficiente focada em higieniza\u00e7\u00e3o e limpeza de estofados. &nbsp; Higieniza\u00e7\u00e3o [&hellip;]<\/p>\n","protected":false},"author":1,"featured_media":56,"parent":0,"menu_order":0,"comment_status":"closed","ping_status":"closed","template":"full-width.php","meta":{"_mi_skip_tracking":false,"_monsterinsights_sitenote_active":false,"_monsterinsights_sitenote_note":"","_monsterinsights_sitenote_category":0},"_links":{"self":[{"href":"https:\/\/uplimphigienizacao.com.br\/site\/wp-json\/wp\/v2\/pages\/82"}],"collection":[{"href":"https:\/\/uplimphigienizacao.com.br\/site\/wp-json\/wp\/v2\/pages"}],"about":[{"href":"https:\/\/uplimphigienizacao.com.br\/site\/wp-json\/wp\/v2\/types\/page"}],"author":[{"embeddable":true,"href":"https:\/\/uplimphigienizacao.com.br\/site\/wp-json\/wp\/v2\/users\/1"}],"replies":[{"embeddable":true,"href":"https:\/\/uplimphigienizacao.com.br\/site\/wp-json\/wp\/v2\/comments?post=82"}],"version-history":[{"count":11,"href":"https:\/\/uplimphigienizacao.com.br\/site\/wp-json\/wp\/v2\/pages\/82\/revisions"}],"predecessor-version":[{"id":140,"href":"https:\/\/uplimphigienizacao.com.br\/site\/wp-json\/wp\/v2\/pages\/82\/revisions\/140"}],"wp:featuredmedia":[{"embeddable":true,"href":"https:\/\/uplimphigienizacao.com.br\/site\/wp-json\/wp\/v2\/media\/56"}],"wp:attachment":[{"href":"https:\/\/uplimphigienizacao.com.br\/site\/wp-json\/wp\/v2\/media?parent=82"}],"curies":[{"name":"wp","href":"https:\/\/api.w.org\/{rel}","templated":true}]}}